{"id":10274,"date":"2024-08-03T09:45:28","date_gmt":"2024-08-03T14:45:28","guid":{"rendered":"https:\/\/thebeaglebuddy.com\/?page_id=10274"},"modified":"2024-12-09T21:19:41","modified_gmt":"2024-12-10T02:19:41","slug":"reload","status":"publish","type":"page","link":"https:\/\/thebeaglebuddy.com\/en\/reload\/","title":{"rendered":"reload"},"content":{"rendered":"\t\t<div data-elementor-type=\"wp-page\" data-elementor-id=\"10274\" class=\"elementor elementor-10274\" data-elementor-post-type=\"page\">\n\t\t\t\t<div class=\"elementor-element elementor-element-93047ca e-flex e-con-boxed e-con e-parent\" data-id=\"93047ca\" data-element_type=\"container\" data-e-type=\"container\">\n\t\t\t\t\t<div class=\"e-con-inner\">\n\t\t\t\t<div class=\"elementor-element elementor-element-7c1d40e elementor-widget elementor-widget-html\" data-id=\"7c1d40e\" data-element_type=\"widget\" data-e-type=\"widget\" data-widget_type=\"html.default\">\n\t\t\t\t<div class=\"elementor-widget-container\">\n\t\t\t\t\t<!DOCTYPE html>\n<html>\n<head>\n<meta charset=utf-8 \/>\n<title>Editor JavaScript online - www.cubicfactory.com<\/title>\n<style>\n    body{background-color:white!important;}\n    header .alignwide, footer {\n        display: none;\n    }\n    .wp-block-post-title {\n        display: none;\n    }\n    #preloader {\n    position: fixed;\n    left: 0;\n    top: 0;\n    width: 100%;\n    height: 100%;\n    z-index: 9999;\n    background-color: #fff; \/* Cambia el color de fondo seg\u00fan tus necesidades *\/\n    display: flex;\n    align-items: center;\n    justify-content: center;\n}\n\n.spinner {\n    width: 120px; \/* Ajusta el tama\u00f1o de la imagen seg\u00fan sea necesario *\/\n    height: 120px; \/* Ajusta el tama\u00f1o de la imagen seg\u00fan sea necesario *\/\n    animation: spin 2s linear infinite;\n}\n\n@keyframes spin {\n    0% { transform: rotate(0deg); }\n    100% { transform: rotate(360deg); }\n}\n\n<\/style>\n<script>\nlet language\nwindow.addEventListener('load', function() {\n    var preloader = document.getElementById('preloader');\n\n    \/\/ Esperar 4 segundos antes de ocultar el preloader\n    setTimeout(function() {\n        preloader.style.display = 'none';\n\n        \/\/ Ejecutar la funci\u00f3n despu\u00e9s de que el preloader se oculte\n        myCustomFunction();\n    }, 4000); \/\/ 4000 milisegundos = 4 segundos\n});\n\nfunction myCustomFunction() {\n    \/\/ Aqu\u00ed puedes a\u00f1adir el c\u00f3digo de la funci\u00f3n que quieres ejecutar\n    console.log('Preloader oculto y funci\u00f3n ejecutada');\n\n    \/\/ Redirigir basado en el idioma\n    if (location.href.split(\"\/\")[3] === \"en\"){\n    window.location.href = 'https:\/\/usa.thebeaglebuddy.com';\n}else { window.location.href = 'https:\/\/colombia.thebeaglebuddy.com';}\n}\n<\/script>\n<\/head>\n<body>\n    <div id=\"preloader\">\n        <img decoding=\"async\" src=\"https:\/\/thebeaglebuddy.com\/wp-content\/uploads\/2024\/08\/logo-cabecera-2-.jpg\" class=\"spinner\" alt=\"Cargando...\">\n    <\/div>    \n<\/body>\n<\/html>\n\t\t\t\t<\/div>\n\t\t\t\t<\/div>\n\t\t\t\t\t<\/div>\n\t\t\t\t<\/div>\n\t\t\t\t<\/div>\n\t\t\n    <div class=\"xs_social_share_widget xs_share_url after_content \t\tmain_content  wslu-style-1 wslu-share-box-shaped wslu-fill-colored wslu-none wslu-share-horizontal wslu-theme-font-no wslu-main_content\">\n\n\t\t\n        <ul>\n\t\t\t        <\/ul>\n    <\/div> \n","protected":false},"excerpt":{"rendered":"<p>Online JavaScript editor \u2013 www.cubicfactory.com<\/p>","protected":false},"author":77,"featured_media":0,"parent":0,"menu_order":0,"comment_status":"closed","ping_status":"closed","template":"","meta":{"_acf_changed":false,"footnotes":""},"class_list":["post-10274","page","type-page","status-publish","hentry"],"acf":[],"yoast_head":"<!-- This site is optimized with the Yoast SEO Premium plugin v27.3 (Yoast SEO v27.5) - https:\/\/yoast.com\/product\/yoast-seo-premium-wordpress\/ -->\n<title>reload - BeagleBuddy<\/title>\n<meta name=\"robots\" content=\"noindex, follow\" \/>\n<meta property=\"og:locale\" content=\"en_US\" \/>\n<meta property=\"og:type\" content=\"article\" \/>\n<meta property=\"og:title\" content=\"reload\" \/>\n<meta property=\"og:description\" content=\"Editor JavaScript online &#8211; www.cubicfactory.com\" \/>\n<meta property=\"og:url\" content=\"https:\/\/thebeaglebuddy.com\/en\/reload\/\" \/>\n<meta property=\"og:site_name\" content=\"BeagleBuddy\" \/>\n<meta property=\"article:publisher\" content=\"https:\/\/www.facebook.com\/beaglebuddyqr\" \/>\n<meta property=\"article:modified_time\" content=\"2024-12-10T02:19:41+00:00\" \/>\n<meta property=\"og:image\" content=\"https:\/\/thebeaglebuddy.com\/wp-content\/uploads\/2024\/08\/logo-cabecera-2-.jpg\" \/>\n<meta name=\"twitter:card\" content=\"summary_large_image\" \/>\n<meta name=\"twitter:label1\" content=\"Est. reading time\" \/>\n\t<meta name=\"twitter:data1\" content=\"1 minute\" \/>\n<script type=\"application\/ld+json\" class=\"yoast-schema-graph\">{\"@context\":\"https:\\\/\\\/schema.org\",\"@graph\":[{\"@type\":\"WebPage\",\"@id\":\"https:\\\/\\\/thebeaglebuddy.com\\\/reload\\\/\",\"url\":\"https:\\\/\\\/thebeaglebuddy.com\\\/reload\\\/\",\"name\":\"reload - BeagleBuddy\",\"isPartOf\":{\"@id\":\"https:\\\/\\\/thebeaglebuddy.com\\\/#website\"},\"primaryImageOfPage\":{\"@id\":\"https:\\\/\\\/thebeaglebuddy.com\\\/reload\\\/#primaryimage\"},\"image\":{\"@id\":\"https:\\\/\\\/thebeaglebuddy.com\\\/reload\\\/#primaryimage\"},\"thumbnailUrl\":\"https:\\\/\\\/thebeaglebuddy.com\\\/wp-content\\\/uploads\\\/2024\\\/08\\\/logo-cabecera-2-.jpg\",\"datePublished\":\"2024-08-03T14:45:28+00:00\",\"dateModified\":\"2024-12-10T02:19:41+00:00\",\"breadcrumb\":{\"@id\":\"https:\\\/\\\/thebeaglebuddy.com\\\/reload\\\/#breadcrumb\"},\"inLanguage\":\"en-US\",\"potentialAction\":[{\"@type\":\"ReadAction\",\"target\":[\"https:\\\/\\\/thebeaglebuddy.com\\\/reload\\\/\"]}]},{\"@type\":\"ImageObject\",\"inLanguage\":\"en-US\",\"@id\":\"https:\\\/\\\/thebeaglebuddy.com\\\/reload\\\/#primaryimage\",\"url\":\"https:\\\/\\\/thebeaglebuddy.com\\\/wp-content\\\/uploads\\\/2024\\\/08\\\/logo-cabecera-2-.jpg\",\"contentUrl\":\"https:\\\/\\\/thebeaglebuddy.com\\\/wp-content\\\/uploads\\\/2024\\\/08\\\/logo-cabecera-2-.jpg\"},{\"@type\":\"BreadcrumbList\",\"@id\":\"https:\\\/\\\/thebeaglebuddy.com\\\/reload\\\/#breadcrumb\",\"itemListElement\":[{\"@type\":\"ListItem\",\"position\":1,\"name\":\"Portada\",\"item\":\"https:\\\/\\\/thebeaglebuddy.com\\\/\"},{\"@type\":\"ListItem\",\"position\":2,\"name\":\"reload\"}]},{\"@type\":\"WebSite\",\"@id\":\"https:\\\/\\\/thebeaglebuddy.com\\\/#website\",\"url\":\"https:\\\/\\\/thebeaglebuddy.com\\\/\",\"name\":\"BeagleBuddy\",\"description\":\"\",\"publisher\":{\"@id\":\"https:\\\/\\\/thebeaglebuddy.com\\\/#organization\"},\"potentialAction\":[{\"@type\":\"SearchAction\",\"target\":{\"@type\":\"EntryPoint\",\"urlTemplate\":\"https:\\\/\\\/thebeaglebuddy.com\\\/?s={search_term_string}\"},\"query-input\":{\"@type\":\"PropertyValueSpecification\",\"valueRequired\":true,\"valueName\":\"search_term_string\"}}],\"inLanguage\":\"en-US\"},{\"@type\":\"Organization\",\"@id\":\"https:\\\/\\\/thebeaglebuddy.com\\\/#organization\",\"name\":\"BeagleBuddy\",\"url\":\"https:\\\/\\\/thebeaglebuddy.com\\\/\",\"logo\":{\"@type\":\"ImageObject\",\"inLanguage\":\"en-US\",\"@id\":\"https:\\\/\\\/thebeaglebuddy.com\\\/#\\\/schema\\\/logo\\\/image\\\/\",\"url\":\"https:\\\/\\\/thebeaglebuddy.com\\\/wp-content\\\/uploads\\\/2024\\\/04\\\/logo-color-dog.svg\",\"contentUrl\":\"https:\\\/\\\/thebeaglebuddy.com\\\/wp-content\\\/uploads\\\/2024\\\/04\\\/logo-color-dog.svg\",\"width\":1376,\"height\":748,\"caption\":\"BeagleBuddy\"},\"image\":{\"@id\":\"https:\\\/\\\/thebeaglebuddy.com\\\/#\\\/schema\\\/logo\\\/image\\\/\"},\"sameAs\":[\"https:\\\/\\\/www.facebook.com\\\/beaglebuddyqr\",\"https:\\\/\\\/www.tiktok.com\\\/@the.beaglebuddy\",\"https:\\\/\\\/www.youtube.com\\\/@BeagleBuddyQR\",\"https:\\\/\\\/www.instagram.com\\\/thebeaglebuddyqr\\\/\"]}]}<\/script>\n<!-- \/ Yoast SEO Premium plugin. -->","yoast_head_json":{"title":"reload - BeagleBuddy","robots":{"index":"noindex","follow":"follow"},"og_locale":"en_US","og_type":"article","og_title":"reload","og_description":"Editor JavaScript online &#8211; www.cubicfactory.com","og_url":"https:\/\/thebeaglebuddy.com\/en\/reload\/","og_site_name":"BeagleBuddy","article_publisher":"https:\/\/www.facebook.com\/beaglebuddyqr","article_modified_time":"2024-12-10T02:19:41+00:00","og_image":[{"url":"https:\/\/thebeaglebuddy.com\/wp-content\/uploads\/2024\/08\/logo-cabecera-2-.jpg","type":"","width":"","height":""}],"twitter_card":"summary_large_image","twitter_misc":{"Est. reading time":"1 minute"},"schema":{"@context":"https:\/\/schema.org","@graph":[{"@type":"WebPage","@id":"https:\/\/thebeaglebuddy.com\/reload\/","url":"https:\/\/thebeaglebuddy.com\/reload\/","name":"reload - BeagleBuddy","isPartOf":{"@id":"https:\/\/thebeaglebuddy.com\/#website"},"primaryImageOfPage":{"@id":"https:\/\/thebeaglebuddy.com\/reload\/#primaryimage"},"image":{"@id":"https:\/\/thebeaglebuddy.com\/reload\/#primaryimage"},"thumbnailUrl":"https:\/\/thebeaglebuddy.com\/wp-content\/uploads\/2024\/08\/logo-cabecera-2-.jpg","datePublished":"2024-08-03T14:45:28+00:00","dateModified":"2024-12-10T02:19:41+00:00","breadcrumb":{"@id":"https:\/\/thebeaglebuddy.com\/reload\/#breadcrumb"},"inLanguage":"en-US","potentialAction":[{"@type":"ReadAction","target":["https:\/\/thebeaglebuddy.com\/reload\/"]}]},{"@type":"ImageObject","inLanguage":"en-US","@id":"https:\/\/thebeaglebuddy.com\/reload\/#primaryimage","url":"https:\/\/thebeaglebuddy.com\/wp-content\/uploads\/2024\/08\/logo-cabecera-2-.jpg","contentUrl":"https:\/\/thebeaglebuddy.com\/wp-content\/uploads\/2024\/08\/logo-cabecera-2-.jpg"},{"@type":"BreadcrumbList","@id":"https:\/\/thebeaglebuddy.com\/reload\/#breadcrumb","itemListElement":[{"@type":"ListItem","position":1,"name":"Portada","item":"https:\/\/thebeaglebuddy.com\/"},{"@type":"ListItem","position":2,"name":"reload"}]},{"@type":"WebSite","@id":"https:\/\/thebeaglebuddy.com\/#website","url":"https:\/\/thebeaglebuddy.com\/","name":"BeagleBuddy","description":"","publisher":{"@id":"https:\/\/thebeaglebuddy.com\/#organization"},"potentialAction":[{"@type":"SearchAction","target":{"@type":"EntryPoint","urlTemplate":"https:\/\/thebeaglebuddy.com\/?s={search_term_string}"},"query-input":{"@type":"PropertyValueSpecification","valueRequired":true,"valueName":"search_term_string"}}],"inLanguage":"en-US"},{"@type":"Organization","@id":"https:\/\/thebeaglebuddy.com\/#organization","name":"BeagleBuddy","url":"https:\/\/thebeaglebuddy.com\/","logo":{"@type":"ImageObject","inLanguage":"en-US","@id":"https:\/\/thebeaglebuddy.com\/#\/schema\/logo\/image\/","url":"https:\/\/thebeaglebuddy.com\/wp-content\/uploads\/2024\/04\/logo-color-dog.svg","contentUrl":"https:\/\/thebeaglebuddy.com\/wp-content\/uploads\/2024\/04\/logo-color-dog.svg","width":1376,"height":748,"caption":"BeagleBuddy"},"image":{"@id":"https:\/\/thebeaglebuddy.com\/#\/schema\/logo\/image\/"},"sameAs":["https:\/\/www.facebook.com\/beaglebuddyqr","https:\/\/www.tiktok.com\/@the.beaglebuddy","https:\/\/www.youtube.com\/@BeagleBuddyQR","https:\/\/www.instagram.com\/thebeaglebuddyqr\/"]}]}},"_links":{"self":[{"href":"https:\/\/thebeaglebuddy.com\/en\/wp-json\/wp\/v2\/pages\/10274","targetHints":{"allow":["GET"]}}],"collection":[{"href":"https:\/\/thebeaglebuddy.com\/en\/wp-json\/wp\/v2\/pages"}],"about":[{"href":"https:\/\/thebeaglebuddy.com\/en\/wp-json\/wp\/v2\/types\/page"}],"author":[{"embeddable":true,"href":"https:\/\/thebeaglebuddy.com\/en\/wp-json\/wp\/v2\/users\/77"}],"replies":[{"embeddable":true,"href":"https:\/\/thebeaglebuddy.com\/en\/wp-json\/wp\/v2\/comments?post=10274"}],"version-history":[{"count":10,"href":"https:\/\/thebeaglebuddy.com\/en\/wp-json\/wp\/v2\/pages\/10274\/revisions"}],"predecessor-version":[{"id":10288,"href":"https:\/\/thebeaglebuddy.com\/en\/wp-json\/wp\/v2\/pages\/10274\/revisions\/10288"}],"wp:attachment":[{"href":"https:\/\/thebeaglebuddy.com\/en\/wp-json\/wp\/v2\/media?parent=10274"}],"curies":[{"name":"wp","href":"https:\/\/api.w.org\/{rel}","templated":true}]}}