{"id":2,"date":"2024-04-17T21:08:07","date_gmt":"2024-04-17T21:08:07","guid":{"rendered":"https:\/\/thebeaglebuddy.com\/?page_id=2"},"modified":"2024-12-09T21:16:33","modified_gmt":"2024-12-10T02:16:33","slug":"sample-page","status":"publish","type":"page","link":"https:\/\/thebeaglebuddy.com\/it\/sample-page\/","title":{"rendered":"Pagina di esempio"},"content":{"rendered":"<p>Questa \u00e8 una pagina di esempio. \u00c8 diverso da un post di blog perch\u00e9 rimarr\u00e0 nello stesso posto e verr\u00e0 visualizzato nella navigazione del sito (nella maggior parte dei temi). La maggior parte delle persone inizia con una pagina &quot;Informazioni&quot; che li presenta ai potenziali visitatori del sito. Potrebbe dire qualcosa del genere:<\/p>\n\n\n\n<blockquote class=\"wp-block-quote is-layout-flow wp-block-quote-is-layout-flow\">\n<p>Ciao! Di giorno faccio il fattorino in bicicletta, di notte sono un aspirante attore e questo \u00e8 il mio sito web. Vivo a Los Angeles, ho un cane fantastico di nome Jack e mi piace la pi\u00f1a colada. (E venivo sorpreso dalla pioggia.)<\/p>\n<\/blockquote>\n\n\nNOI\n\n\n\n<p>\u2026o qualcosa del genere:<\/p>\n\n\n\n<blockquote class=\"wp-block-quote is-layout-flow wp-block-quote-is-layout-flow\">\n<p>La XYZ Doohickey Company \u00e8 stata fondata nel 1971 e da allora fornisce al pubblico aggeggi di qualit\u00e0. Situata a Gotham City, XYZ impiega oltre 2.000 persone e realizza ogni genere di cose fantastiche per la comunit\u00e0 di Gotham.<\/p>\n<\/blockquote>\n\n\n\n<p>Come nuovo utente di WordPress, dovresti andare su <a href=\"https:\/\/thebeaglebuddy.com\/wp-admin\/\">la tua dashboard<\/a> per eliminare questa pagina e crearne di nuove per i tuoi contenuti. Divertiti!<\/p>\n\n    <div class=\"xs_social_share_widget xs_share_url after_content \t\tmain_content  wslu-style-1 wslu-share-box-shaped wslu-fill-colored wslu-none wslu-share-horizontal wslu-theme-font-no wslu-main_content\">\n\n\t\t\n        <ul>\n\t\t\t        <\/ul>\n    <\/div>","protected":false},"excerpt":{"rendered":"<p>This is an example page. It&#8217;s different from a blog post because it will stay in one place and will show up in your site navigation (in most themes). Most people start with an About page that introduces them to potential site visitors. It might say something like this: Hi there! I&#8217;m a bike messenger [&hellip;]<\/p>\n","protected":false},"author":1,"featured_media":0,"parent":0,"menu_order":0,"comment_status":"closed","ping_status":"open","template":"","meta":{"_acf_changed":false,"footnotes":""},"class_list":["post-2","page","type-page","status-publish","hentry"],"acf":[],"yoast_head":"<!-- This site is optimized with the Yoast SEO Premium plugin v27.3 (Yoast SEO v27.5) - https:\/\/yoast.com\/product\/yoast-seo-premium-wordpress\/ -->\n<title>Sample Page - BeagleBuddy<\/title>\n<meta name=\"robots\" content=\"noindex, follow\" \/>\n<meta property=\"og:locale\" content=\"it_IT\" \/>\n<meta property=\"og:type\" content=\"article\" \/>\n<meta property=\"og:title\" content=\"Sample Page\" \/>\n<meta property=\"og:description\" content=\"This is an example page. It&#8217;s different from a blog post because it will stay in one place and will show up in your site navigation (in most themes). Most people start with an About page that introduces them to potential site visitors. It might say something like this: Hi there! I&#8217;m a bike messenger [&hellip;]\" \/>\n<meta property=\"og:url\" content=\"https:\/\/thebeaglebuddy.com\/it\/sample-page\/\" \/>\n<meta property=\"og:site_name\" content=\"BeagleBuddy\" \/>\n<meta property=\"article:publisher\" content=\"https:\/\/www.facebook.com\/beaglebuddyqr\" \/>\n<meta property=\"article:modified_time\" content=\"2024-12-10T02:16:33+00:00\" \/>\n<meta name=\"twitter:card\" content=\"summary_large_image\" \/>\n<meta name=\"twitter:label1\" content=\"Tempo di lettura stimato\" \/>\n\t<meta name=\"twitter:data1\" content=\"1 minuto\" \/>\n<script type=\"application\/ld+json\" class=\"yoast-schema-graph\">{\"@context\":\"https:\\\/\\\/schema.org\",\"@graph\":[{\"@type\":\"WebPage\",\"@id\":\"https:\\\/\\\/thebeaglebuddy.com\\\/sample-page\\\/\",\"url\":\"https:\\\/\\\/thebeaglebuddy.com\\\/sample-page\\\/\",\"name\":\"Sample Page - BeagleBuddy\",\"isPartOf\":{\"@id\":\"https:\\\/\\\/thebeaglebuddy.com\\\/#website\"},\"datePublished\":\"2024-04-17T21:08:07+00:00\",\"dateModified\":\"2024-12-10T02:16:33+00:00\",\"breadcrumb\":{\"@id\":\"https:\\\/\\\/thebeaglebuddy.com\\\/sample-page\\\/#breadcrumb\"},\"inLanguage\":\"it-IT\",\"potentialAction\":[{\"@type\":\"ReadAction\",\"target\":[\"https:\\\/\\\/thebeaglebuddy.com\\\/sample-page\\\/\"]}]},{\"@type\":\"BreadcrumbList\",\"@id\":\"https:\\\/\\\/thebeaglebuddy.com\\\/sample-page\\\/#breadcrumb\",\"itemListElement\":[{\"@type\":\"ListItem\",\"position\":1,\"name\":\"Portada\",\"item\":\"https:\\\/\\\/thebeaglebuddy.com\\\/\"},{\"@type\":\"ListItem\",\"position\":2,\"name\":\"Sample Page\"}]},{\"@type\":\"WebSite\",\"@id\":\"https:\\\/\\\/thebeaglebuddy.com\\\/#website\",\"url\":\"https:\\\/\\\/thebeaglebuddy.com\\\/\",\"name\":\"BeagleBuddy\",\"description\":\"\",\"publisher\":{\"@id\":\"https:\\\/\\\/thebeaglebuddy.com\\\/#organization\"},\"potentialAction\":[{\"@type\":\"SearchAction\",\"target\":{\"@type\":\"EntryPoint\",\"urlTemplate\":\"https:\\\/\\\/thebeaglebuddy.com\\\/?s={search_term_string}\"},\"query-input\":{\"@type\":\"PropertyValueSpecification\",\"valueRequired\":true,\"valueName\":\"search_term_string\"}}],\"inLanguage\":\"it-IT\"},{\"@type\":\"Organization\",\"@id\":\"https:\\\/\\\/thebeaglebuddy.com\\\/#organization\",\"name\":\"BeagleBuddy\",\"url\":\"https:\\\/\\\/thebeaglebuddy.com\\\/\",\"logo\":{\"@type\":\"ImageObject\",\"inLanguage\":\"it-IT\",\"@id\":\"https:\\\/\\\/thebeaglebuddy.com\\\/#\\\/schema\\\/logo\\\/image\\\/\",\"url\":\"https:\\\/\\\/thebeaglebuddy.com\\\/wp-content\\\/uploads\\\/2024\\\/04\\\/logo-color-dog.svg\",\"contentUrl\":\"https:\\\/\\\/thebeaglebuddy.com\\\/wp-content\\\/uploads\\\/2024\\\/04\\\/logo-color-dog.svg\",\"width\":1376,\"height\":748,\"caption\":\"BeagleBuddy\"},\"image\":{\"@id\":\"https:\\\/\\\/thebeaglebuddy.com\\\/#\\\/schema\\\/logo\\\/image\\\/\"},\"sameAs\":[\"https:\\\/\\\/www.facebook.com\\\/beaglebuddyqr\",\"https:\\\/\\\/www.tiktok.com\\\/@the.beaglebuddy\",\"https:\\\/\\\/www.youtube.com\\\/@BeagleBuddyQR\",\"https:\\\/\\\/www.instagram.com\\\/thebeaglebuddyqr\\\/\"]}]}<\/script>\n<!-- \/ Yoast SEO Premium plugin. -->","yoast_head_json":{"title":"Pagina di esempio - BeagleBuddy","robots":{"index":"noindex","follow":"follow"},"og_locale":"it_IT","og_type":"article","og_title":"Sample Page","og_description":"This is an example page. It&#8217;s different from a blog post because it will stay in one place and will show up in your site navigation (in most themes). Most people start with an About page that introduces them to potential site visitors. It might say something like this: Hi there! I&#8217;m a bike messenger [&hellip;]","og_url":"https:\/\/thebeaglebuddy.com\/it\/sample-page\/","og_site_name":"BeagleBuddy","article_publisher":"https:\/\/www.facebook.com\/beaglebuddyqr","article_modified_time":"2024-12-10T02:16:33+00:00","twitter_card":"summary_large_image","twitter_misc":{"Tempo di lettura stimato":"1 minuto"},"schema":{"@context":"https:\/\/schema.org","@graph":[{"@type":"WebPage","@id":"https:\/\/thebeaglebuddy.com\/sample-page\/","url":"https:\/\/thebeaglebuddy.com\/sample-page\/","name":"Pagina di esempio - BeagleBuddy","isPartOf":{"@id":"https:\/\/thebeaglebuddy.com\/#website"},"datePublished":"2024-04-17T21:08:07+00:00","dateModified":"2024-12-10T02:16:33+00:00","breadcrumb":{"@id":"https:\/\/thebeaglebuddy.com\/sample-page\/#breadcrumb"},"inLanguage":"it-IT","potentialAction":[{"@type":"ReadAction","target":["https:\/\/thebeaglebuddy.com\/sample-page\/"]}]},{"@type":"BreadcrumbList","@id":"https:\/\/thebeaglebuddy.com\/sample-page\/#breadcrumb","itemListElement":[{"@type":"ListItem","position":1,"name":"Portada","item":"https:\/\/thebeaglebuddy.com\/"},{"@type":"ListItem","position":2,"name":"Sample Page"}]},{"@type":"WebSite","@id":"https:\/\/thebeaglebuddy.com\/#website","url":"https:\/\/thebeaglebuddy.com\/","name":"BeagleBuddy","description":"","publisher":{"@id":"https:\/\/thebeaglebuddy.com\/#organization"},"potentialAction":[{"@type":"SearchAction","target":{"@type":"EntryPoint","urlTemplate":"https:\/\/thebeaglebuddy.com\/?s={search_term_string}"},"query-input":{"@type":"PropertyValueSpecification","valueRequired":true,"valueName":"search_term_string"}}],"inLanguage":"it-IT"},{"@type":"Organization","@id":"https:\/\/thebeaglebuddy.com\/#organization","name":"BeagleBuddy","url":"https:\/\/thebeaglebuddy.com\/","logo":{"@type":"ImageObject","inLanguage":"it-IT","@id":"https:\/\/thebeaglebuddy.com\/#\/schema\/logo\/image\/","url":"https:\/\/thebeaglebuddy.com\/wp-content\/uploads\/2024\/04\/logo-color-dog.svg","contentUrl":"https:\/\/thebeaglebuddy.com\/wp-content\/uploads\/2024\/04\/logo-color-dog.svg","width":1376,"height":748,"caption":"BeagleBuddy"},"image":{"@id":"https:\/\/thebeaglebuddy.com\/#\/schema\/logo\/image\/"},"sameAs":["https:\/\/www.facebook.com\/beaglebuddyqr","https:\/\/www.tiktok.com\/@the.beaglebuddy","https:\/\/www.youtube.com\/@BeagleBuddyQR","https:\/\/www.instagram.com\/thebeaglebuddyqr\/"]}]}},"_links":{"self":[{"href":"https:\/\/thebeaglebuddy.com\/it\/wp-json\/wp\/v2\/pages\/2","targetHints":{"allow":["GET"]}}],"collection":[{"href":"https:\/\/thebeaglebuddy.com\/it\/wp-json\/wp\/v2\/pages"}],"about":[{"href":"https:\/\/thebeaglebuddy.com\/it\/wp-json\/wp\/v2\/types\/page"}],"author":[{"embeddable":true,"href":"https:\/\/thebeaglebuddy.com\/it\/wp-json\/wp\/v2\/users\/1"}],"replies":[{"embeddable":true,"href":"https:\/\/thebeaglebuddy.com\/it\/wp-json\/wp\/v2\/comments?post=2"}],"version-history":[{"count":3,"href":"https:\/\/thebeaglebuddy.com\/it\/wp-json\/wp\/v2\/pages\/2\/revisions"}],"predecessor-version":[{"id":9415,"href":"https:\/\/thebeaglebuddy.com\/it\/wp-json\/wp\/v2\/pages\/2\/revisions\/9415"}],"wp:attachment":[{"href":"https:\/\/thebeaglebuddy.com\/it\/wp-json\/wp\/v2\/media?parent=2"}],"curies":[{"name":"wp","href":"https:\/\/api.w.org\/{rel}","templated":true}]}}