{"id":2,"date":"2024-04-17T21:08:07","date_gmt":"2024-04-17T21:08:07","guid":{"rendered":"https:\/\/thebeaglebuddy.com\/?page_id=2"},"modified":"2024-12-09T21:16:33","modified_gmt":"2024-12-10T02:16:33","slug":"sample-page","status":"publish","type":"page","link":"https:\/\/thebeaglebuddy.com\/pt\/sample-page\/","title":{"rendered":"P\u00e1gina de amostra"},"content":{"rendered":"<p>Esta \u00e9 uma p\u00e1gina de exemplo. \u00c9 diferente de uma postagem de blog porque permanecer\u00e1 em um s\u00f3 lugar e aparecer\u00e1 na navega\u00e7\u00e3o do seu site (na maioria dos temas). A maioria das pessoas come\u00e7a com uma p\u00e1gina &quot;Sobre&quot; que as apresenta a potenciais visitantes do site. Ela pode ser algo assim:<\/p>\n\n\n\n<blockquote class=\"wp-block-quote is-layout-flow wp-block-quote-is-layout-flow\">\n<p>Ol\u00e1! Sou mensageiro de bicicleta durante o dia e aspirante a ator \u00e0 noite, e este \u00e9 o meu site. Moro em Los Angeles, tenho um cachorro incr\u00edvel chamado Jack e adoro pi\u00f1as coladas. (E ser pego pela chuva.)<\/p>\n<\/blockquote>\n\n\nN\u00d3S\n\n\n\n<p>\u2026ou algo assim:<\/p>\n\n\n\n<blockquote class=\"wp-block-quote is-layout-flow wp-block-quote-is-layout-flow\">\n<p>A XYZ Doohickey Company foi fundada em 1971 e, desde ent\u00e3o, fornece bugigangas de qualidade ao p\u00fablico. Localizada em Gotham City, a XYZ emprega mais de 2.000 pessoas e faz todo tipo de coisas incr\u00edveis pela comunidade de Gotham.<\/p>\n<\/blockquote>\n\n\n\n<p>Como um novo usu\u00e1rio do WordPress, voc\u00ea deve ir para <a href=\"https:\/\/thebeaglebuddy.com\/wp-admin\/\">seu painel<\/a> para excluir esta p\u00e1gina e criar novas p\u00e1ginas para o seu conte\u00fado. Divirta-se!<\/p>\n\n    <div class=\"xs_social_share_widget xs_share_url after_content \t\tmain_content  wslu-style-1 wslu-share-box-shaped wslu-fill-colored wslu-none wslu-share-horizontal wslu-theme-font-no wslu-main_content\">\n\n\t\t\n        <ul>\n\t\t\t        <\/ul>\n    <\/div>","protected":false},"excerpt":{"rendered":"<p>This is an example page. It&#8217;s different from a blog post because it will stay in one place and will show up in your site navigation (in most themes). Most people start with an About page that introduces them to potential site visitors. It might say something like this: Hi there! I&#8217;m a bike messenger [&hellip;]<\/p>\n","protected":false},"author":1,"featured_media":0,"parent":0,"menu_order":0,"comment_status":"closed","ping_status":"open","template":"","meta":{"_acf_changed":false,"footnotes":""},"class_list":["post-2","page","type-page","status-publish","hentry"],"acf":[],"yoast_head":"<!-- This site is optimized with the Yoast SEO Premium plugin v27.3 (Yoast SEO v27.5) - https:\/\/yoast.com\/product\/yoast-seo-premium-wordpress\/ -->\n<title>Sample Page - BeagleBuddy<\/title>\n<meta name=\"robots\" content=\"noindex, follow\" \/>\n<meta property=\"og:locale\" content=\"pt_BR\" \/>\n<meta property=\"og:type\" content=\"article\" \/>\n<meta property=\"og:title\" content=\"Sample Page\" \/>\n<meta property=\"og:description\" content=\"This is an example page. It&#8217;s different from a blog post because it will stay in one place and will show up in your site navigation (in most themes). Most people start with an About page that introduces them to potential site visitors. It might say something like this: Hi there! I&#8217;m a bike messenger [&hellip;]\" \/>\n<meta property=\"og:url\" content=\"https:\/\/thebeaglebuddy.com\/pt\/sample-page\/\" \/>\n<meta property=\"og:site_name\" content=\"BeagleBuddy\" \/>\n<meta property=\"article:publisher\" content=\"https:\/\/www.facebook.com\/beaglebuddyqr\" \/>\n<meta property=\"article:modified_time\" content=\"2024-12-10T02:16:33+00:00\" \/>\n<meta name=\"twitter:card\" content=\"summary_large_image\" \/>\n<meta name=\"twitter:label1\" content=\"Est. tempo de leitura\" \/>\n\t<meta name=\"twitter:data1\" content=\"1 minuto\" \/>\n<script type=\"application\/ld+json\" class=\"yoast-schema-graph\">{\"@context\":\"https:\\\/\\\/schema.org\",\"@graph\":[{\"@type\":\"WebPage\",\"@id\":\"https:\\\/\\\/thebeaglebuddy.com\\\/sample-page\\\/\",\"url\":\"https:\\\/\\\/thebeaglebuddy.com\\\/sample-page\\\/\",\"name\":\"Sample Page - BeagleBuddy\",\"isPartOf\":{\"@id\":\"https:\\\/\\\/thebeaglebuddy.com\\\/#website\"},\"datePublished\":\"2024-04-17T21:08:07+00:00\",\"dateModified\":\"2024-12-10T02:16:33+00:00\",\"breadcrumb\":{\"@id\":\"https:\\\/\\\/thebeaglebuddy.com\\\/sample-page\\\/#breadcrumb\"},\"inLanguage\":\"pt-BR\",\"potentialAction\":[{\"@type\":\"ReadAction\",\"target\":[\"https:\\\/\\\/thebeaglebuddy.com\\\/sample-page\\\/\"]}]},{\"@type\":\"BreadcrumbList\",\"@id\":\"https:\\\/\\\/thebeaglebuddy.com\\\/sample-page\\\/#breadcrumb\",\"itemListElement\":[{\"@type\":\"ListItem\",\"position\":1,\"name\":\"Portada\",\"item\":\"https:\\\/\\\/thebeaglebuddy.com\\\/\"},{\"@type\":\"ListItem\",\"position\":2,\"name\":\"Sample Page\"}]},{\"@type\":\"WebSite\",\"@id\":\"https:\\\/\\\/thebeaglebuddy.com\\\/#website\",\"url\":\"https:\\\/\\\/thebeaglebuddy.com\\\/\",\"name\":\"BeagleBuddy\",\"description\":\"\",\"publisher\":{\"@id\":\"https:\\\/\\\/thebeaglebuddy.com\\\/#organization\"},\"potentialAction\":[{\"@type\":\"SearchAction\",\"target\":{\"@type\":\"EntryPoint\",\"urlTemplate\":\"https:\\\/\\\/thebeaglebuddy.com\\\/?s={search_term_string}\"},\"query-input\":{\"@type\":\"PropertyValueSpecification\",\"valueRequired\":true,\"valueName\":\"search_term_string\"}}],\"inLanguage\":\"pt-BR\"},{\"@type\":\"Organization\",\"@id\":\"https:\\\/\\\/thebeaglebuddy.com\\\/#organization\",\"name\":\"BeagleBuddy\",\"url\":\"https:\\\/\\\/thebeaglebuddy.com\\\/\",\"logo\":{\"@type\":\"ImageObject\",\"inLanguage\":\"pt-BR\",\"@id\":\"https:\\\/\\\/thebeaglebuddy.com\\\/#\\\/schema\\\/logo\\\/image\\\/\",\"url\":\"https:\\\/\\\/thebeaglebuddy.com\\\/wp-content\\\/uploads\\\/2024\\\/04\\\/logo-color-dog.svg\",\"contentUrl\":\"https:\\\/\\\/thebeaglebuddy.com\\\/wp-content\\\/uploads\\\/2024\\\/04\\\/logo-color-dog.svg\",\"width\":1376,\"height\":748,\"caption\":\"BeagleBuddy\"},\"image\":{\"@id\":\"https:\\\/\\\/thebeaglebuddy.com\\\/#\\\/schema\\\/logo\\\/image\\\/\"},\"sameAs\":[\"https:\\\/\\\/www.facebook.com\\\/beaglebuddyqr\",\"https:\\\/\\\/www.tiktok.com\\\/@the.beaglebuddy\",\"https:\\\/\\\/www.youtube.com\\\/@BeagleBuddyQR\",\"https:\\\/\\\/www.instagram.com\\\/thebeaglebuddyqr\\\/\"]}]}<\/script>\n<!-- \/ Yoast SEO Premium plugin. -->","yoast_head_json":{"title":"P\u00e1gina de amostra - BeagleBuddy","robots":{"index":"noindex","follow":"follow"},"og_locale":"pt_BR","og_type":"article","og_title":"Sample Page","og_description":"This is an example page. It&#8217;s different from a blog post because it will stay in one place and will show up in your site navigation (in most themes). Most people start with an About page that introduces them to potential site visitors. It might say something like this: Hi there! I&#8217;m a bike messenger [&hellip;]","og_url":"https:\/\/thebeaglebuddy.com\/pt\/sample-page\/","og_site_name":"BeagleBuddy","article_publisher":"https:\/\/www.facebook.com\/beaglebuddyqr","article_modified_time":"2024-12-10T02:16:33+00:00","twitter_card":"summary_large_image","twitter_misc":{"Est. tempo de leitura":"1 minuto"},"schema":{"@context":"https:\/\/schema.org","@graph":[{"@type":"WebPage","@id":"https:\/\/thebeaglebuddy.com\/sample-page\/","url":"https:\/\/thebeaglebuddy.com\/sample-page\/","name":"P\u00e1gina de amostra - BeagleBuddy","isPartOf":{"@id":"https:\/\/thebeaglebuddy.com\/#website"},"datePublished":"2024-04-17T21:08:07+00:00","dateModified":"2024-12-10T02:16:33+00:00","breadcrumb":{"@id":"https:\/\/thebeaglebuddy.com\/sample-page\/#breadcrumb"},"inLanguage":"pt-BR","potentialAction":[{"@type":"ReadAction","target":["https:\/\/thebeaglebuddy.com\/sample-page\/"]}]},{"@type":"BreadcrumbList","@id":"https:\/\/thebeaglebuddy.com\/sample-page\/#breadcrumb","itemListElement":[{"@type":"ListItem","position":1,"name":"Portada","item":"https:\/\/thebeaglebuddy.com\/"},{"@type":"ListItem","position":2,"name":"Sample Page"}]},{"@type":"WebSite","@id":"https:\/\/thebeaglebuddy.com\/#website","url":"https:\/\/thebeaglebuddy.com\/","name":"BeagleBuddy","description":"","publisher":{"@id":"https:\/\/thebeaglebuddy.com\/#organization"},"potentialAction":[{"@type":"SearchAction","target":{"@type":"EntryPoint","urlTemplate":"https:\/\/thebeaglebuddy.com\/?s={search_term_string}"},"query-input":{"@type":"PropertyValueSpecification","valueRequired":true,"valueName":"search_term_string"}}],"inLanguage":"pt-BR"},{"@type":"Organization","@id":"https:\/\/thebeaglebuddy.com\/#organization","name":"BeagleBuddy","url":"https:\/\/thebeaglebuddy.com\/","logo":{"@type":"ImageObject","inLanguage":"pt-BR","@id":"https:\/\/thebeaglebuddy.com\/#\/schema\/logo\/image\/","url":"https:\/\/thebeaglebuddy.com\/wp-content\/uploads\/2024\/04\/logo-color-dog.svg","contentUrl":"https:\/\/thebeaglebuddy.com\/wp-content\/uploads\/2024\/04\/logo-color-dog.svg","width":1376,"height":748,"caption":"BeagleBuddy"},"image":{"@id":"https:\/\/thebeaglebuddy.com\/#\/schema\/logo\/image\/"},"sameAs":["https:\/\/www.facebook.com\/beaglebuddyqr","https:\/\/www.tiktok.com\/@the.beaglebuddy","https:\/\/www.youtube.com\/@BeagleBuddyQR","https:\/\/www.instagram.com\/thebeaglebuddyqr\/"]}]}},"_links":{"self":[{"href":"https:\/\/thebeaglebuddy.com\/pt\/wp-json\/wp\/v2\/pages\/2","targetHints":{"allow":["GET"]}}],"collection":[{"href":"https:\/\/thebeaglebuddy.com\/pt\/wp-json\/wp\/v2\/pages"}],"about":[{"href":"https:\/\/thebeaglebuddy.com\/pt\/wp-json\/wp\/v2\/types\/page"}],"author":[{"embeddable":true,"href":"https:\/\/thebeaglebuddy.com\/pt\/wp-json\/wp\/v2\/users\/1"}],"replies":[{"embeddable":true,"href":"https:\/\/thebeaglebuddy.com\/pt\/wp-json\/wp\/v2\/comments?post=2"}],"version-history":[{"count":3,"href":"https:\/\/thebeaglebuddy.com\/pt\/wp-json\/wp\/v2\/pages\/2\/revisions"}],"predecessor-version":[{"id":9415,"href":"https:\/\/thebeaglebuddy.com\/pt\/wp-json\/wp\/v2\/pages\/2\/revisions\/9415"}],"wp:attachment":[{"href":"https:\/\/thebeaglebuddy.com\/pt\/wp-json\/wp\/v2\/media?parent=2"}],"curies":[{"name":"wp","href":"https:\/\/api.w.org\/{rel}","templated":true}]}}